{"id":239,"date":"2021-07-29T11:27:31","date_gmt":"2021-07-29T16:27:31","guid":{"rendered":"https:\/\/timothyrecords.org\/web\/?page_id=239"},"modified":"2021-07-30T12:58:08","modified_gmt":"2021-07-30T17:58:08","slug":"nuestros-servicios","status":"publish","type":"page","link":"https:\/\/timothyrecords.org\/web\/nuestros-servicios\/","title":{"rendered":"Nuestros servicios"},"content":{"rendered":"<p>[et_pb_section fb_built=&#8221;1&#8243; custom_padding_last_edited=&#8221;on|phone&#8221; prev_background_color=&#8221;#ffffff&#8221; next_background_color=&#8221;rgba(255,255,255,0.66)&#8221; admin_label=&#8221;Hero Section&#8221; _builder_version=&#8221;4.9.10&#8243; use_background_color_gradient=&#8221;on&#8221; background_color_gradient_start=&#8221;#2b303a&#8221; background_color_gradient_end=&#8221;rgba(43,48,58,0.5)&#8221; background_color_gradient_type=&#8221;radial&#8221; background_color_gradient_direction_radial=&#8221;top left&#8221; background_color_gradient_start_position=&#8221;10%&#8221; background_color_gradient_overlays_image=&#8221;on&#8221; background_image=&#8221;http:\/\/timothyrecords.org\/web\/wp-content\/uploads\/2021\/07\/people-1283970_1920.jpg&#8221; module_alignment=&#8221;right&#8221; custom_margin=&#8221;60px|60px|60px|60px|true|true&#8221; custom_margin_tablet=&#8221;0px|0px|0px|0px|true|true&#8221; custom_margin_phone=&#8221;&#8221; custom_margin_last_edited=&#8221;on|tablet&#8221; custom_padding=&#8221;24vw|0|14vw|0|false|false&#8221; custom_padding_tablet=&#8221;|||0px&#8221; custom_padding_phone=&#8221;120px||120px||true&#8221; top_divider_style=&#8221;asymmetric4&#8243; top_divider_repeat=&#8221;0.5x&#8221; top_divider_flip=&#8221;vertical&#8221; bottom_divider_style=&#8221;asymmetric4&#8243; bottom_divider_repeat=&#8221;0.5x&#8221; bottom_divider_flip=&#8221;horizontal&#8221; animation_style=&#8221;slide&#8221; animation_direction=&#8221;top&#8221; animation_intensity_slide=&#8221;2%&#8221; hover_enabled=&#8221;0&#8243; sticky_enabled=&#8221;0&#8243; title_text=&#8221;people-1283970_1920&#8243;][et_pb_row admin_label=&#8221;Hero Area&#8221; _builder_version=&#8221;3.25&#8243; background_size=&#8221;initial&#8221; background_position=&#8221;top_left&#8221; background_repeat=&#8221;repeat&#8221; custom_margin=&#8221;|||&#8221;][et_pb_column type=&#8221;4_4&#8243; _builder_version=&#8221;3.25&#8243; custom_padding=&#8221;|||&#8221; custom_padding__hover=&#8221;|||&#8221;][et_pb_text admin_label=&#8221;Title&#8221; _builder_version=&#8221;4.9.10&#8243; text_font=&#8221;ABeeZee||||||||&#8221; quote_font=&#8221;||||||||&#8221; header_font=&#8221;||||||||&#8221; header_font_size=&#8221;80px&#8221; header_line_height=&#8221;1.4em&#8221; header_2_font=&#8221;||||||||&#8221; background_layout=&#8221;dark&#8221; custom_margin=&#8221;-180px|||-40px||&#8221; custom_margin_tablet=&#8221;&#8221; custom_margin_phone=&#8221;|||0px&#8221; custom_margin_last_edited=&#8221;on|phone&#8221; custom_padding=&#8221;|||30px&#8221; animation_style=&#8221;slide&#8221; animation_direction=&#8221;top&#8221; animation_intensity_slide=&#8221;5%&#8221; animation_starting_opacity=&#8221;100%&#8221; header_font_size_tablet=&#8221;40px&#8221; header_font_size_phone=&#8221;&#8221; header_font_size_last_edited=&#8221;on|tablet&#8221; border_color_all=&#8221;#0C71C3&#8243; border_width_left=&#8221;10px&#8221;]<\/p>\n<h1>Nuestros Servicios<\/h1>\n<p>[\/et_pb_text][\/et_pb_column][\/et_pb_row][\/et_pb_section][et_pb_section fb_built=&#8221;1&#8243; admin_label=&#8221;Why Choose Us Section&#8221; _builder_version=&#8221;3.22&#8243; background_color=&#8221;rgba(255,255,255,0.66)&#8221; background_size=&#8221;initial&#8221; background_position=&#8221;bottom_right&#8221; module_alignment=&#8221;right&#8221; custom_margin=&#8221;||||false&#8221; custom_padding=&#8221;40px||40px||true|&#8221; locked=&#8221;off&#8221;][et_pb_row column_structure=&#8221;1_3,1_3,1_3&#8243; admin_label=&#8221;Features&#8221; _builder_version=&#8221;3.25&#8243; custom_margin=&#8221;10px|||&#8221;][et_pb_column type=&#8221;1_3&#8243; _builder_version=&#8221;3.25&#8243; custom_padding=&#8221;|||&#8221; custom_padding__hover=&#8221;|||&#8221;][et_pb_blurb title=&#8221;Servicios editoriales&#8221; image=&#8221;http:\/\/timothyrecords.org\/web\/wp-content\/uploads\/2021\/07\/icono7.png&#8221; _builder_version=&#8221;4.9.10&#8243; header_font=&#8221;Bungee||||||||&#8221; header_line_height=&#8221;1.8em&#8221; body_font=&#8221;||||||||&#8221; body_font_size=&#8221;16px&#8221; body_line_height=&#8221;1.8em&#8221; text_orientation=&#8221;center&#8221;]<\/p>\n<p class=\"western\" style=\"text-align: justify;\"><span style=\"font-family: inherit, serif;\">Tenemos la tecnolog\u00eda y un equipo dedicado para ayudarte a administrar los derechos de tus composiciones y cobrar tus regal\u00edas alrededor del mundo.<\/span><\/p>\n<p>[\/et_pb_blurb][\/et_pb_column][et_pb_column type=&#8221;1_3&#8243; _builder_version=&#8221;3.25&#8243; custom_padding=&#8221;|||&#8221; custom_padding__hover=&#8221;|||&#8221;][et_pb_blurb title=&#8221;Regal\u00edas editoriales de YouTube&#8221; image=&#8221;http:\/\/timothyrecords.org\/web\/wp-content\/uploads\/2021\/07\/icono8.png&#8221; _builder_version=&#8221;4.9.10&#8243; header_font=&#8221;Bungee||||||||&#8221; header_line_height=&#8221;1.8em&#8221; body_font=&#8221;||||||||&#8221; body_font_size=&#8221;16px&#8221; body_line_height=&#8221;1.8em&#8221; text_orientation=&#8221;center&#8221; locked=&#8221;off&#8221;]<\/p>\n<p class=\"western\" style=\"text-align: justify;\"><span style=\"font-family: inherit, serif;\">Cobramos regal\u00edas editoriales directamente de YouTube para Colombia, M\u00e9xico, Brasil, Europa y Estados Unidos. Con nuestra plataforma es muy sencillo, s\u00f3lo reclama tus composiciones para empezar a recibir regal\u00edas de manera trimestral.<\/span><\/p>\n<p>[\/et_pb_blurb][\/et_pb_column][et_pb_column type=&#8221;1_3&#8243; _builder_version=&#8221;3.25&#8243; custom_padding=&#8221;|||&#8221; custom_padding__hover=&#8221;|||&#8221;][et_pb_blurb title=&#8221;Derechos conexos&#8221; image=&#8221;http:\/\/timothyrecords.org\/web\/wp-content\/uploads\/2021\/07\/icono9.png&#8221; _builder_version=&#8221;4.9.10&#8243; header_font=&#8221;Bungee||||||||&#8221; header_line_height=&#8221;1.8em&#8221; body_font=&#8221;||||||||&#8221; body_font_size=&#8221;16px&#8221; body_line_height=&#8221;1.8em&#8221; text_orientation=&#8221;center&#8221; locked=&#8221;off&#8221;]<\/p>\n<p class=\"western\" style=\"text-align: justify;\"><span style=\"font-family: inherit, serif;\">Si eres un artista independiente, productor o sello discogr\u00e1fico, podemos cobrar los derechos conexos por ti. Estos se generan por ejecuci\u00f3n p\u00fablica de la grabaci\u00f3n, incluyendo radio satelital, terrestre y por internet, y transmisiones de televisi\u00f3n (fuera de Estados Unidos).<\/span><\/p>\n<p>[\/et_pb_blurb][\/et_pb_column][\/et_pb_row][et_pb_row column_structure=&#8221;1_3,1_3,1_3&#8243; admin_label=&#8221;Features&#8221; _builder_version=&#8221;3.25&#8243; custom_margin=&#8221;10px|||&#8221;][et_pb_column type=&#8221;1_3&#8243; _builder_version=&#8221;3.25&#8243; custom_padding=&#8221;|||&#8221; custom_padding__hover=&#8221;|||&#8221;][et_pb_blurb title=&#8221;Content ID en YouTube&#8221; image=&#8221;http:\/\/timothyrecords.org\/web\/wp-content\/uploads\/2021\/07\/icono10.png&#8221; _builder_version=&#8221;4.9.10&#8243; header_font=&#8221;Bungee||||||||&#8221; header_line_height=&#8221;1.8em&#8221; body_font=&#8221;||||||||&#8221; body_font_size=&#8221;16px&#8221; body_line_height=&#8221;1.8em&#8221; text_orientation=&#8221;center&#8221;]<\/p>\n<p class=\"western\" style=\"text-align: justify;\"><span style=\"font-family: inherit, serif;\">Monetizamos todos los videos generados por usuarios en YouTube que usan tus grabaciones. Adem\u00e1s, puedes elegir bloquear el contenido para prevenir el uso no autorizado de tu trabajo.<\/span><\/p>\n<p>[\/et_pb_blurb][\/et_pb_column][et_pb_column type=&#8221;1_3&#8243; _builder_version=&#8221;3.25&#8243; custom_padding=&#8221;|||&#8221; custom_padding__hover=&#8221;|||&#8221;][et_pb_blurb title=&#8221;Sistema de reconocimiento&#8221; image=&#8221;http:\/\/timothyrecords.org\/web\/wp-content\/uploads\/2021\/07\/icono11.png&#8221; _builder_version=&#8221;4.9.10&#8243; header_font=&#8221;Bungee||||||||&#8221; header_line_height=&#8221;1.8em&#8221; body_font=&#8221;||||||||&#8221; body_font_size=&#8221;16px&#8221; body_line_height=&#8221;1.8em&#8221; text_orientation=&#8221;center&#8221; locked=&#8221;off&#8221;]<\/p>\n<p class=\"western\" style=\"text-align: justify;\"><span style=\"font-family: inherit, serif;\">Tu m\u00fasica puede ser reconocida por Shazam, Gracenote y otros servicios. Nosotros enviamos audio y metadata para crear un rastro de tu trabajo. De esta manera tus fans podr\u00e1n identificar tu m\u00fasica y conocer en qu\u00e9 plataformas digitales la pueden encontrar.<\/span><\/p>\n<p>[\/et_pb_blurb][\/et_pb_column][et_pb_column type=&#8221;1_3&#8243; _builder_version=&#8221;3.25&#8243; custom_padding=&#8221;|||&#8221; custom_padding__hover=&#8221;|||&#8221;][et_pb_blurb title=&#8221;Derechos de letra&#8221; image=&#8221;http:\/\/timothyrecords.org\/web\/wp-content\/uploads\/2021\/07\/icono12.png&#8221; _builder_version=&#8221;4.9.10&#8243; header_font=&#8221;Bungee||||||||&#8221; header_line_height=&#8221;1.8em&#8221; body_font=&#8221;||||||||&#8221; body_font_size=&#8221;16px&#8221; body_line_height=&#8221;1.8em&#8221; text_orientation=&#8221;center&#8221; locked=&#8221;off&#8221;]<\/p>\n<p class=\"western\" style=\"text-align: justify;\"><span style=\"font-family: inherit, serif;\">Enviamos tus letras a los servicios m\u00e1s importantes alrededor del mundo para que recibas regal\u00edas cuando se muestren.<\/span><\/p>\n<p>[\/et_pb_blurb][\/et_pb_column][\/et_pb_row][et_pb_row column_structure=&#8221;1_2,1_2&#8243; admin_label=&#8221;Features&#8221; _builder_version=&#8221;3.25&#8243; custom_margin=&#8221;10px|||&#8221;][et_pb_column type=&#8221;1_2&#8243; _builder_version=&#8221;3.25&#8243; custom_padding=&#8221;|||&#8221; custom_padding__hover=&#8221;|||&#8221;][et_pb_blurb title=&#8221;Syncs&#8221; image=&#8221;http:\/\/timothyrecords.org\/web\/wp-content\/uploads\/2021\/07\/icono13.png&#8221; _builder_version=&#8221;4.9.10&#8243; header_font=&#8221;Bungee||||||||&#8221; header_line_height=&#8221;1.8em&#8221; body_font=&#8221;||||||||&#8221; body_font_size=&#8221;16px&#8221; body_line_height=&#8221;1.8em&#8221; text_orientation=&#8221;center&#8221;]<\/p>\n<p class=\"western\" style=\"text-align: justify;\"><span style=\"font-family: inherit, serif;\">Nuestro equipo con presencia en varios pa\u00edses, estar\u00e1 enviando tu m\u00fasica para oportunidades de sincronizaci\u00f3n en series de televisi\u00f3n, cine, comerciales y m\u00e1s. Este servicio est\u00e1 disponible para artistas y compositores.<\/span><\/p>\n<p>[\/et_pb_blurb][\/et_pb_column][et_pb_column type=&#8221;1_2&#8243; _builder_version=&#8221;3.25&#8243; custom_padding=&#8221;|||&#8221; custom_padding__hover=&#8221;|||&#8221;][et_pb_blurb title=&#8221;Protecci\u00f3n de derechos de autor&#8221; image=&#8221;http:\/\/timothyrecords.org\/web\/wp-content\/uploads\/2021\/07\/icono14.png&#8221; _builder_version=&#8221;4.9.10&#8243; header_font=&#8221;Bungee||||||||&#8221; header_line_height=&#8221;1.8em&#8221; body_font=&#8221;||||||||&#8221; body_font_size=&#8221;16px&#8221; body_line_height=&#8221;1.8em&#8221; text_orientation=&#8221;center&#8221; locked=&#8221;off&#8221;]<\/p>\n<p class=\"western\" style=\"text-align: justify;\"><span style=\"font-family: inherit, serif;\">Protegemos tus derechos. La pirater\u00eda y violaci\u00f3n a los derechos de autor es algo que sucede con mucha frecuencia, y en TRCompany valoramos tu contenido como si fuera nuestro. Por eso tenemos a un equipo dedicado para remover o reclamar contenido no autorizado en YouTube y DSPs.<\/span><\/p>\n<p class=\"western\">[\/et_pb_blurb][\/et_pb_column][\/et_pb_row][\/et_pb_section][et_pb_section fb_built=&#8221;1&#8243; _builder_version=&#8221;4.9.10&#8243; _module_preset=&#8221;default&#8221; background_color=&#8221;rgba(120,160,193,0.15)&#8221; background_image=&#8221;http:\/\/timothyrecords.org\/web\/wp-content\/uploads\/2021\/07\/tech-08.png&#8221;][et_pb_row column_structure=&#8221;1_3,2_3&#8243; _builder_version=&#8221;4.9.10&#8243; _module_preset=&#8221;default&#8221;][et_pb_column type=&#8221;1_3&#8243; _builder_version=&#8221;4.9.10&#8243; _module_preset=&#8221;default&#8221;][et_pb_text _builder_version=&#8221;4.9.10&#8243; _module_preset=&#8221;default&#8221; text_font=&#8221;|800||on|||||&#8221; text_font_size=&#8221;26px&#8221;]<\/p>\n<p>\u00bfPreguntas?<\/p>\n<p>[\/et_pb_text][\/et_pb_column][et_pb_column type=&#8221;2_3&#8243; _builder_version=&#8221;4.9.10&#8243; _module_preset=&#8221;default&#8221;][et_pb_text _builder_version=&#8221;4.9.10&#8243; _module_preset=&#8221;default&#8221;]<\/p>\n<p align=\"center\" style=\"text-align: justify;\"><span style=\"font-family: Times New Roman, serif;\"><span style=\"font-size: medium;\"><span style=\"font-family: inherit, serif;\"><span style=\"font-size: large;\">Si a\u00fan tienes preguntas o te gustar\u00eda empezar a recaudar tus regal\u00edas, aqu\u00ed estamos para ayudar.<\/span><\/span><\/span><\/span><\/p>\n<p class=\"western\" align=\"center\" style=\"text-align: justify;\"><span style=\"color: #0000ff;\"><a href=\"https:\/\/timothyrecords.org\/web\/contactenos\/\"><span>\u00daNETE A TRCompany<\/span><\/a><\/span>\u00a0o env\u00edanos un email a\u00a0<span style=\"color: #0000ff;\"><a href=\"mailto:info@timothyrecords.org\"><span>info@timothyrecords.org<\/span><\/a><\/span><\/p>\n<p>[\/et_pb_text][\/et_pb_column][\/et_pb_row][et_pb_row _builder_version=&#8221;4.9.10&#8243; _module_preset=&#8221;default&#8221;][et_pb_column type=&#8221;4_4&#8243; _builder_version=&#8221;4.9.10&#8243; _module_preset=&#8221;default&#8221;][et_pb_divider color=&#8221;#0C71C3&#8243; divider_weight=&#8221;3px&#8221; _builder_version=&#8221;4.9.10&#8243; _module_preset=&#8221;default&#8221;][\/et_pb_divider][\/et_pb_column][\/et_pb_row][et_pb_row column_structure=&#8221;3_5,2_5&#8243; _builder_version=&#8221;4.9.10&#8243; _module_preset=&#8221;default&#8221; background_color=&#8221;rgba(0,0,0,0.53)&#8221; custom_margin=&#8221;||10px||false|false&#8221; hover_enabled=&#8221;0&#8243; border_radii=&#8221;on|15px|15px|15px|15px&#8221; sticky_enabled=&#8221;0&#8243;][et_pb_column type=&#8221;3_5&#8243; _builder_version=&#8221;4.9.10&#8243; _module_preset=&#8221;default&#8221;][et_pb_text _builder_version=&#8221;4.9.10&#8243; _module_preset=&#8221;default&#8221; custom_margin=&#8221;|||10px|false|false&#8221;]<\/p>\n<p class=\"western\" align=\"justify\" style=\"text-align: justify;\"><span style=\"color: #ffffff;\"><strong>Con nuestra sofisticada plataforma de anal\u00edticas trimestrales, as\u00ed como nuestras herramientas de contabilidad, te suministraremos la informaci\u00f3n que necesitas para entender tu negocio y tomar las mejores decisiones.<\/strong><\/span><\/p>\n<p class=\"western\" align=\"justify\"><span style=\"color: #ffffff;\"><strong>As\u00ed como tambi\u00e9n te haremos los pagos pertinentes de tus regal\u00edas generadas por las distintas metodolog\u00edas de distribuci\u00f3n y ventas digitales, una vez nos hagas saber el m\u00e9todo de pago que deseas.<\/strong><\/span><\/p>\n<p>[\/et_pb_text][\/et_pb_column][et_pb_column type=&#8221;2_5&#8243; _builder_version=&#8221;4.9.10&#8243; _module_preset=&#8221;default&#8221;][et_pb_text _builder_version=&#8221;4.9.10&#8243; _module_preset=&#8221;default&#8221; hover_enabled=&#8221;0&#8243; sticky_enabled=&#8221;0&#8243;]<\/p>\n<h1 class=\"western\" align=\"center\" style=\"text-align: center;\"><span style=\"color: #ffffff;\"><strong><span style=\"font-family: Arial, serif;\">Inteligencia de Negocios<\/span><\/strong><\/span><\/h1>\n<p>[\/et_pb_text][\/et_pb_column][\/et_pb_row][et_pb_row column_structure=&#8221;1_3,1_3,1_3&#8243; _builder_version=&#8221;4.9.10&#8243; _module_preset=&#8221;default&#8221; background_color=&#8221;rgba(0,0,0,0.53)&#8221; hover_enabled=&#8221;0&#8243; border_radii=&#8221;on|15px|15px|15px|15px&#8221; sticky_enabled=&#8221;0&#8243;][et_pb_column type=&#8221;1_3&#8243; _builder_version=&#8221;4.9.10&#8243; _module_preset=&#8221;default&#8221;][et_pb_text _builder_version=&#8221;4.9.10&#8243; _module_preset=&#8221;default&#8221; hover_enabled=&#8221;0&#8243; sticky_enabled=&#8221;0&#8243;]<\/p>\n<h1 class=\"western\" align=\"center\"><span style=\"color: #ffffff;\"><span style=\"font-family: Arial, serif;\"><span style=\"font-size: x-large;\"><b>Reportes personalizados<\/b><\/span><\/span><\/span><\/h1>\n<p>[\/et_pb_text][\/et_pb_column][et_pb_column type=&#8221;1_3&#8243; _builder_version=&#8221;4.9.10&#8243; _module_preset=&#8221;default&#8221;][\/et_pb_column][et_pb_column type=&#8221;1_3&#8243; _builder_version=&#8221;4.9.10&#8243; _module_preset=&#8221;default&#8221;][et_pb_text _builder_version=&#8221;4.9.10&#8243; _module_preset=&#8221;default&#8221; width=&#8221;150.4%&#8221; custom_margin=&#8221;|||-197px||&#8221;]<\/p>\n<p class=\"western\" align=\"left\" style=\"text-align: justify;\"><strong><span style=\"color: #ffffff;\">Recibir\u00e1s el balance de tu cuenta y el historial de pagos. A trav\u00e9s de los reportes personalizados por artista, territorio o tienda para facilitar el c\u00e1lculo de regal\u00edas trimestralmente.<\/span><\/strong><\/p>\n<p>[\/et_pb_text][\/et_pb_column][\/et_pb_row][\/et_pb_section]<\/p>\n","protected":false},"excerpt":{"rendered":"<p>Nuestros ServiciosTenemos la tecnolog\u00eda y un equipo dedicado para ayudarte a administrar los derechos de tus composiciones y cobrar tus regal\u00edas alrededor del mundo.Cobramos regal\u00edas editoriales directamente de YouTube para Colombia, M\u00e9xico, Brasil, Europa y Estados Unidos. Con nuestra plataforma es muy sencillo, s\u00f3lo reclama tus composiciones para empezar a recibir regal\u00edas de manera trimestral.Si [&hellip;]<\/p>\n","protected":false},"author":1,"featured_media":0,"parent":0,"menu_order":0,"comment_status":"closed","ping_status":"closed","template":"","meta":{"_et_pb_use_builder":"on","_et_pb_old_content":"","_et_gb_content_width":"","footnotes":""},"class_list":["post-239","page","type-page","status-publish","hentry"],"_links":{"self":[{"href":"https:\/\/timothyrecords.org\/web\/wp-json\/wp\/v2\/pages\/239","targetHints":{"allow":["GET"]}}],"collection":[{"href":"https:\/\/timothyrecords.org\/web\/wp-json\/wp\/v2\/pages"}],"about":[{"href":"https:\/\/timothyrecords.org\/web\/wp-json\/wp\/v2\/types\/page"}],"author":[{"embeddable":true,"href":"https:\/\/timothyrecords.org\/web\/wp-json\/wp\/v2\/users\/1"}],"replies":[{"embeddable":true,"href":"https:\/\/timothyrecords.org\/web\/wp-json\/wp\/v2\/comments?post=239"}],"version-history":[{"count":9,"href":"https:\/\/timothyrecords.org\/web\/wp-json\/wp\/v2\/pages\/239\/revisions"}],"predecessor-version":[{"id":306,"href":"https:\/\/timothyrecords.org\/web\/wp-json\/wp\/v2\/pages\/239\/revisions\/306"}],"wp:attachment":[{"href":"https:\/\/timothyrecords.org\/web\/wp-json\/wp\/v2\/media?parent=239"}],"curies":[{"name":"wp","href":"https:\/\/api.w.org\/{rel}","templated":true}]}}